{"id":260,"date":"2025-04-01T14:06:34","date_gmt":"2025-04-01T12:06:34","guid":{"rendered":"http:\/\/portfolio.lea.galtier.mmi-velizy.fr\/wordpress-6.7.2-fr_FR%20(1)\/wordpress\/index.php\/front_page-2\/"},"modified":"2025-04-11T12:43:16","modified_gmt":"2025-04-11T10:43:16","slug":"front_page-2","status":"publish","type":"page","link":"https:\/\/portfolio.lea.galtier.mmi-velizy.fr\/wordpress-6.7.2-fr_FR%20(1)\/wordpress\/","title":{"rendered":"Accueil"},"content":{"rendered":"\n\n\n\n\n\n\n\n\n\n\n\n\n\n\n\n","protected":false},"excerpt":{"rendered":"","protected":false},"author":1,"featured_media":0,"parent":0,"menu_order":0,"comment_status":"closed","ping_status":"closed","template":"","meta":{"saved_in_kubio":true,"footnotes":""},"class_list":["post-260","page","type-page","status-publish","hentry"],"kubio_ai_page_context":{"short_desc":"","purpose":"general"},"yoast_head":"<!-- This site is optimized with the Yoast SEO plugin v24.8 - https:\/\/yoast.com\/wordpress\/plugins\/seo\/ -->\n<title>Accueil - L\u00e9a Galtier<\/title>\n<meta name=\"robots\" content=\"noindex, follow, max-snippet:-1, max-image-preview:large, max-video-preview:-1\" \/>\n<meta property=\"og:locale\" content=\"fr_FR\" \/>\n<meta property=\"og:type\" content=\"article\" \/>\n<meta property=\"og:title\" content=\"Accueil - L\u00e9a Galtier\" \/>\n<meta property=\"og:url\" content=\"https:\/\/portfolio.lea.galtier.mmi-velizy.fr\/wordpress-6.7.2-fr_FR (1)\/wordpress\/\" \/>\n<meta property=\"og:site_name\" content=\"L\u00e9a Galtier\" \/>\n<meta property=\"article:modified_time\" content=\"2025-04-11T10:43:16+00:00\" \/>\n<meta name=\"twitter:card\" content=\"summary_large_image\" \/>\n<meta name=\"twitter:label1\" content=\"Dur\u00e9e de lecture estim\u00e9e\" \/>\n\t<meta name=\"twitter:data1\" content=\"4 minutes\" \/>\n<script type=\"application\/ld+json\" class=\"yoast-schema-graph\">{\"@context\":\"https:\/\/schema.org\",\"@graph\":[{\"@type\":\"WebPage\",\"@id\":\"https:\/\/portfolio.lea.galtier.mmi-velizy.fr\/wordpress-6.7.2-fr_FR%20(1)\/wordpress\/\",\"url\":\"https:\/\/portfolio.lea.galtier.mmi-velizy.fr\/wordpress-6.7.2-fr_FR%20(1)\/wordpress\/\",\"name\":\"Accueil - L\u00e9a Galtier\",\"isPartOf\":{\"@id\":\"https:\/\/portfolio.lea.galtier.mmi-velizy.fr\/wordpress-6.7.2-fr_FR%20(1)\/wordpress\/#website\"},\"datePublished\":\"2025-04-01T12:06:34+00:00\",\"dateModified\":\"2025-04-11T10:43:16+00:00\",\"breadcrumb\":{\"@id\":\"https:\/\/portfolio.lea.galtier.mmi-velizy.fr\/wordpress-6.7.2-fr_FR%20(1)\/wordpress\/#breadcrumb\"},\"inLanguage\":\"fr-FR\",\"potentialAction\":[{\"@type\":\"ReadAction\",\"target\":[\"https:\/\/portfolio.lea.galtier.mmi-velizy.fr\/wordpress-6.7.2-fr_FR%20(1)\/wordpress\/\"]}]},{\"@type\":\"BreadcrumbList\",\"@id\":\"https:\/\/portfolio.lea.galtier.mmi-velizy.fr\/wordpress-6.7.2-fr_FR%20(1)\/wordpress\/#breadcrumb\",\"itemListElement\":[{\"@type\":\"ListItem\",\"position\":1,\"name\":\"Accueil\",\"item\":\"https:\/\/portfolio.lea.galtier.mmi-velizy.fr\/wordpress-6.7.2-fr_FR%20(1)\/wordpress\/\"},{\"@type\":\"ListItem\",\"position\":2,\"name\":\"Accueil\"}]},{\"@type\":\"WebSite\",\"@id\":\"https:\/\/portfolio.lea.galtier.mmi-velizy.fr\/wordpress-6.7.2-fr_FR%20(1)\/wordpress\/#website\",\"url\":\"https:\/\/portfolio.lea.galtier.mmi-velizy.fr\/wordpress-6.7.2-fr_FR%20(1)\/wordpress\/\",\"name\":\"Portfolio\",\"description\":\"\",\"publisher\":{\"@id\":\"https:\/\/portfolio.lea.galtier.mmi-velizy.fr\/wordpress-6.7.2-fr_FR%20(1)\/wordpress\/#\/schema\/person\/0bc779e7705cb07e371830a73ac6d3a3\"},\"potentialAction\":[{\"@type\":\"SearchAction\",\"target\":{\"@type\":\"EntryPoint\",\"urlTemplate\":\"https:\/\/portfolio.lea.galtier.mmi-velizy.fr\/wordpress-6.7.2-fr_FR%20(1)\/wordpress\/?s={search_term_string}\"},\"query-input\":{\"@type\":\"PropertyValueSpecification\",\"valueRequired\":true,\"valueName\":\"search_term_string\"}}],\"inLanguage\":\"fr-FR\"},{\"@type\":[\"Person\",\"Organization\"],\"@id\":\"https:\/\/portfolio.lea.galtier.mmi-velizy.fr\/wordpress-6.7.2-fr_FR%20(1)\/wordpress\/#\/schema\/person\/0bc779e7705cb07e371830a73ac6d3a3\",\"name\":\"leagaltier\",\"image\":{\"@type\":\"ImageObject\",\"inLanguage\":\"fr-FR\",\"@id\":\"https:\/\/portfolio.lea.galtier.mmi-velizy.fr\/wordpress-6.7.2-fr_FR%20(1)\/wordpress\/#\/schema\/person\/image\/\",\"url\":\"https:\/\/secure.gravatar.com\/avatar\/12d9e6482c73673141c4b11f0b9a31e99d1cd1745fbe41c810f77934b10e8151?s=96&d=mm&r=g\",\"contentUrl\":\"https:\/\/secure.gravatar.com\/avatar\/12d9e6482c73673141c4b11f0b9a31e99d1cd1745fbe41c810f77934b10e8151?s=96&d=mm&r=g\",\"caption\":\"leagaltier\"},\"logo\":{\"@id\":\"https:\/\/portfolio.lea.galtier.mmi-velizy.fr\/wordpress-6.7.2-fr_FR%20(1)\/wordpress\/#\/schema\/person\/image\/\"},\"sameAs\":[\"http:\/\/portfolio.lea.galtier.mmi-velizy.fr\/wordpress-6.7.2-fr_FR%20(1)\/wordpress\"]}]}<\/script>\n<!-- \/ Yoast SEO plugin. -->","yoast_head_json":{"title":"Accueil - L\u00e9a Galtier","robots":{"index":"noindex","follow":"follow","max-snippet":"max-snippet:-1","max-image-preview":"max-image-preview:large","max-video-preview":"max-video-preview:-1"},"og_locale":"fr_FR","og_type":"article","og_title":"Accueil - L\u00e9a Galtier","og_url":"https:\/\/portfolio.lea.galtier.mmi-velizy.fr\/wordpress-6.7.2-fr_FR (1)\/wordpress\/","og_site_name":"L\u00e9a Galtier","article_modified_time":"2025-04-11T10:43:16+00:00","twitter_card":"summary_large_image","twitter_misc":{"Dur\u00e9e de lecture estim\u00e9e":"4 minutes"},"schema":{"@context":"https:\/\/schema.org","@graph":[{"@type":"WebPage","@id":"https:\/\/portfolio.lea.galtier.mmi-velizy.fr\/wordpress-6.7.2-fr_FR%20(1)\/wordpress\/","url":"https:\/\/portfolio.lea.galtier.mmi-velizy.fr\/wordpress-6.7.2-fr_FR%20(1)\/wordpress\/","name":"Accueil - L\u00e9a Galtier","isPartOf":{"@id":"https:\/\/portfolio.lea.galtier.mmi-velizy.fr\/wordpress-6.7.2-fr_FR%20(1)\/wordpress\/#website"},"datePublished":"2025-04-01T12:06:34+00:00","dateModified":"2025-04-11T10:43:16+00:00","breadcrumb":{"@id":"https:\/\/portfolio.lea.galtier.mmi-velizy.fr\/wordpress-6.7.2-fr_FR%20(1)\/wordpress\/#breadcrumb"},"inLanguage":"fr-FR","potentialAction":[{"@type":"ReadAction","target":["https:\/\/portfolio.lea.galtier.mmi-velizy.fr\/wordpress-6.7.2-fr_FR%20(1)\/wordpress\/"]}]},{"@type":"BreadcrumbList","@id":"https:\/\/portfolio.lea.galtier.mmi-velizy.fr\/wordpress-6.7.2-fr_FR%20(1)\/wordpress\/#breadcrumb","itemListElement":[{"@type":"ListItem","position":1,"name":"Accueil","item":"https:\/\/portfolio.lea.galtier.mmi-velizy.fr\/wordpress-6.7.2-fr_FR%20(1)\/wordpress\/"},{"@type":"ListItem","position":2,"name":"Accueil"}]},{"@type":"WebSite","@id":"https:\/\/portfolio.lea.galtier.mmi-velizy.fr\/wordpress-6.7.2-fr_FR%20(1)\/wordpress\/#website","url":"https:\/\/portfolio.lea.galtier.mmi-velizy.fr\/wordpress-6.7.2-fr_FR%20(1)\/wordpress\/","name":"Portfolio","description":"","publisher":{"@id":"https:\/\/portfolio.lea.galtier.mmi-velizy.fr\/wordpress-6.7.2-fr_FR%20(1)\/wordpress\/#\/schema\/person\/0bc779e7705cb07e371830a73ac6d3a3"},"potentialAction":[{"@type":"SearchAction","target":{"@type":"EntryPoint","urlTemplate":"https:\/\/portfolio.lea.galtier.mmi-velizy.fr\/wordpress-6.7.2-fr_FR%20(1)\/wordpress\/?s={search_term_string}"},"query-input":{"@type":"PropertyValueSpecification","valueRequired":true,"valueName":"search_term_string"}}],"inLanguage":"fr-FR"},{"@type":["Person","Organization"],"@id":"https:\/\/portfolio.lea.galtier.mmi-velizy.fr\/wordpress-6.7.2-fr_FR%20(1)\/wordpress\/#\/schema\/person\/0bc779e7705cb07e371830a73ac6d3a3","name":"leagaltier","image":{"@type":"ImageObject","inLanguage":"fr-FR","@id":"https:\/\/portfolio.lea.galtier.mmi-velizy.fr\/wordpress-6.7.2-fr_FR%20(1)\/wordpress\/#\/schema\/person\/image\/","url":"https:\/\/secure.gravatar.com\/avatar\/12d9e6482c73673141c4b11f0b9a31e99d1cd1745fbe41c810f77934b10e8151?s=96&d=mm&r=g","contentUrl":"https:\/\/secure.gravatar.com\/avatar\/12d9e6482c73673141c4b11f0b9a31e99d1cd1745fbe41c810f77934b10e8151?s=96&d=mm&r=g","caption":"leagaltier"},"logo":{"@id":"https:\/\/portfolio.lea.galtier.mmi-velizy.fr\/wordpress-6.7.2-fr_FR%20(1)\/wordpress\/#\/schema\/person\/image\/"},"sameAs":["http:\/\/portfolio.lea.galtier.mmi-velizy.fr\/wordpress-6.7.2-fr_FR%20(1)\/wordpress"]}]}},"_links":{"self":[{"href":"https:\/\/portfolio.lea.galtier.mmi-velizy.fr\/wordpress-6.7.2-fr_FR%20(1)\/wordpress\/index.php\/wp-json\/wp\/v2\/pages\/260","targetHints":{"allow":["GET"]}}],"collection":[{"href":"https:\/\/portfolio.lea.galtier.mmi-velizy.fr\/wordpress-6.7.2-fr_FR%20(1)\/wordpress\/index.php\/wp-json\/wp\/v2\/pages"}],"about":[{"href":"https:\/\/portfolio.lea.galtier.mmi-velizy.fr\/wordpress-6.7.2-fr_FR%20(1)\/wordpress\/index.php\/wp-json\/wp\/v2\/types\/page"}],"author":[{"embeddable":true,"href":"https:\/\/portfolio.lea.galtier.mmi-velizy.fr\/wordpress-6.7.2-fr_FR%20(1)\/wordpress\/index.php\/wp-json\/wp\/v2\/users\/1"}],"replies":[{"embeddable":true,"href":"https:\/\/portfolio.lea.galtier.mmi-velizy.fr\/wordpress-6.7.2-fr_FR%20(1)\/wordpress\/index.php\/wp-json\/wp\/v2\/comments?post=260"}],"version-history":[{"count":97,"href":"https:\/\/portfolio.lea.galtier.mmi-velizy.fr\/wordpress-6.7.2-fr_FR%20(1)\/wordpress\/index.php\/wp-json\/wp\/v2\/pages\/260\/revisions"}],"predecessor-version":[{"id":610,"href":"https:\/\/portfolio.lea.galtier.mmi-velizy.fr\/wordpress-6.7.2-fr_FR%20(1)\/wordpress\/index.php\/wp-json\/wp\/v2\/pages\/260\/revisions\/610"}],"wp:attachment":[{"href":"https:\/\/portfolio.lea.galtier.mmi-velizy.fr\/wordpress-6.7.2-fr_FR%20(1)\/wordpress\/index.php\/wp-json\/wp\/v2\/media?parent=260"}],"curies":[{"name":"wp","href":"https:\/\/api.w.org\/{rel}","templated":true}]}}